{"id":932,"date":"2025-10-28T15:41:02","date_gmt":"2025-10-28T14:41:02","guid":{"rendered":"https:\/\/jannu-ferides.nubwebinar.com\/?page_id=932"},"modified":"2026-01-09T09:48:22","modified_gmt":"2026-01-09T08:48:22","slug":"contacte","status":"publish","type":"page","link":"https:\/\/jannu-ferides.nubwebinar.com\/ca\/contacte\/","title":{"rendered":"Contacte"},"content":{"rendered":"\n<div class=\"wp-block-uagb-container uagb-block-f211373d default uagb-is-root-container\">\n<div class=\"wp-block-uagb-inline-notice uagb-inline_notice__align-left uagb-block-ba7cd7cd\"><button class=\"uagb-notice-close-button\" type=\"button\" aria-label=\"Close\"><\/button><h4 class=\"uagb-notice-title\">Te escuchamos&#8230;<\/h4><div class=\"uagb-notice-text\">\n<script>\ndocument.addEventListener(\"DOMContentLoaded\", function () {\n\n  const wrapper = document.querySelector('[data-name=\"checkbox-673-politica-check\"]');\n  if (!wrapper) return;\n  const checkbox = wrapper.querySelector('input[type=\"checkbox\"]');\n  const labelSpan = wrapper.querySelector('.wpcf7-list-item-label');\n\n  if (labelSpan) {\n    labelSpan.innerHTML = `He le\u00eddo y acepto el <a href=\"\/terminos-y-condiciones\/\" target=\"_blank\">Aviso Legal<\/a> y la <a href=\"\/politica-de-privacidad\/\" target=\"_blank\">Pol\u00edtica de Privacidad<\/a>`;\n  }\n\n  if (checkbox) {\n    checkbox.addEventListener(\"change\", function () {\n      if (this.checked) { \n        if (jQuery(\"#custom-modal-1\").length) {\n          jQuery(\"#custom-modal-1\").modal(\"show\");\n        }\n      }\n    });\n  }\n\tcheckbox.addEventListener(\"mousedown\", function(e) {\n  e.preventDefault(); \/\/ evita que genere blur antes de tiempo\n});\n\n  const observer = new MutationObserver(function () {\n    const error = wrapper.querySelector('.wpcf7-not-valid-tip');\n    if (!error) return;\n    if (error.innerText === \"Por favor, rellene este campo.\") {\n      error.innerText = \"Debes aceptar el Aviso Legal y la Pol\u00edtica de Privacidad\";\n      error.style.marginLeft = \"15px\";\n    }\n  });\n  observer.observe(wrapper, { childList: true, subtree: true });\n});\n<\/script>\n\n\n\n\n\n<div class=\"wpcf7 no-js\" id=\"wpcf7-f821-o1\" lang=\"es-ES\" dir=\"ltr\" data-wpcf7-id=\"821\">\n<div class=\"screen-reader-response\"><p role=\"status\" aria-live=\"polite\" aria-atomic=\"true\"><\/p> <ul><\/ul><\/div>\n<form action=\"\/ca\/wp-json\/wp\/v2\/pages\/932#wpcf7-f821-o1\" method=\"post\" class=\"wpcf7-form init\" aria-label=\"Formulario de contacto\" novalidate=\"novalidate\" data-status=\"init\">\n<fieldset class=\"hidden-fields-container\"><input type=\"hidden\" name=\"_wpcf7\" value=\"821\" \/><input type=\"hidden\" name=\"_wpcf7_version\" value=\"6.1.5\" \/><input type=\"hidden\" name=\"_wpcf7_locale\" value=\"es_ES\" \/><input type=\"hidden\" name=\"_wpcf7_unit_tag\" value=\"wpcf7-f821-o1\" \/><input type=\"hidden\" name=\"_wpcf7_container_post\" value=\"0\" \/><input type=\"hidden\" name=\"_wpcf7_posted_data_hash\" value=\"\" \/><input type=\"hidden\" name=\"_wpcf7_recaptcha_response\" value=\"\" \/>\n<\/fieldset>\n<p><label> Nombre<br \/>\n<span class=\"wpcf7-form-control-wrap\" data-name=\"your-name\"><input size=\"40\" maxlength=\"400\" class=\"wpcf7-form-control wpcf7-text wpcf7-validates-as-required\" autocomplete=\"name\" aria-required=\"true\" aria-invalid=\"false\" value=\"\" type=\"text\" name=\"your-name\" \/><\/span><br \/>\n<\/label>\n<\/p>\n<p><label> Correo electr\u00f3nico<br \/>\n<span class=\"wpcf7-form-control-wrap\" data-name=\"your-email\"><input size=\"40\" maxlength=\"400\" class=\"wpcf7-form-control wpcf7-email wpcf7-validates-as-required wpcf7-text wpcf7-validates-as-email\" autocomplete=\"email\" aria-required=\"true\" aria-invalid=\"false\" value=\"\" type=\"email\" name=\"your-email\" \/><\/span><br \/>\n<\/label>\n<\/p>\n<p><label> Asunto<br \/>\n<span class=\"wpcf7-form-control-wrap\" data-name=\"your-subject\"><input size=\"40\" maxlength=\"400\" class=\"wpcf7-form-control wpcf7-text wpcf7-validates-as-required\" aria-required=\"true\" aria-invalid=\"false\" value=\"\" type=\"text\" name=\"your-subject\" \/><\/span><br \/>\n<\/label>\n<\/p>\n<p><label> Su mensaje (opcional)<br \/>\n<span class=\"wpcf7-form-control-wrap\" data-name=\"your-message\"><textarea cols=\"40\" rows=\"10\" maxlength=\"2000\" class=\"wpcf7-form-control wpcf7-textarea\" aria-invalid=\"false\" name=\"your-message\"><\/textarea><\/span><br \/>\n<\/label><br \/>\n<label><br \/>\n<span class=\"wpcf7-form-control-wrap\" data-name=\"checkbox-673-politica-check\"><span class=\"wpcf7-form-control wpcf7-checkbox wpcf7-validates-as-required\"><span class=\"wpcf7-list-item first last\"><input type=\"checkbox\" name=\"checkbox-673-politica-check[]\" value=\"1\" \/><span class=\"wpcf7-list-item-label\">1<\/span><\/span><\/span><\/span><br \/>\n<\/label>\n<\/p>\n<p><input class=\"wpcf7-form-control wpcf7-submit has-spinner\" type=\"submit\" value=\"Enviar\" \/>\n<\/p>\n<div class=\"info-basica-contacto\">\n\t<p><strong>Informaci\u00f3n b\u00e1sica sobre protecci\u00f3n de datos:<\/strong>\n\t<\/p>\n\t<p><strong>Responsable del tratamiento:<\/strong> Asociaci\u00f3n Jannu Ferides.\n\t<\/p>\n\t<p><strong>Finalidad del tratamiento:<\/strong> gestionar las consultas de los usuarios y atender las solicitudes.\n\t<\/p>\n\t<p><strong>Base legal:<\/strong> el consentimiento otorgado con la aceptaci\u00f3n de la presente Pol\u00edtica de Protecci\u00f3n de datos.\n\t<\/p>\n\t<p><strong>Destinatarios:<\/strong> no ser\u00e1n comunicados a terceras personas excepto por obligaci\u00f3n legal.\n\t<\/p>\n\t<p><strong>Derechos:<\/strong> para ejercer los derechos de acceso, rectificaci\u00f3n, portabilidad y supresi\u00f3n de sus datos y los de limitaci\u00f3n y oposici\u00f3n a su tratamiento reconocidos por la normativa, puede enviar un correo a <a href=\"mailto:info@jannu-ferides.org\">info@jannu-ferides.org<\/a>.\n\t<\/p>\n\t<p>Para m\u00e1s informaci\u00f3n sobre este tratamiento y c\u00f3mo ejercer sus derechos puede consultar nuestra pol\u00edtica completa de protecci\u00f3n de datos en:<br \/>\n<a href=\"http:\/\/www.jannu-ferides.org\" target=\"_blank\">http:\/\/www.jannu-ferides.org<\/a>.\n\t<\/p>\n<\/div>\n\n<div class=\"wpcf7-response-output\" aria-hidden=\"true\"><\/div>\n<\/form>\n<\/div>\n\n<\/div><\/div>\n<\/div>\n","protected":false},"excerpt":{"rendered":"","protected":false},"author":5,"featured_media":0,"parent":0,"menu_order":0,"comment_status":"closed","ping_status":"closed","template":"","meta":{"_acf_changed":false,"_uag_custom_page_level_css":"","footnotes":""},"class_list":["post-932","page","type-page","status-publish"],"acf":[],"uagb_featured_image_src":{"full":false,"thumbnail":false,"medium":false,"medium_large":false,"large":false,"1536x1536":false,"2048x2048":false},"uagb_author_info":{"display_name":"Yeray Solis","author_link":"https:\/\/jannu-ferides.nubwebinar.com\/ca\/author\/ysolis\/"},"uagb_comment_info":0,"uagb_excerpt":null,"_links":{"self":[{"href":"https:\/\/jannu-ferides.nubwebinar.com\/ca\/wp-json\/wp\/v2\/pages\/932","targetHints":{"allow":["GET"]}}],"collection":[{"href":"https:\/\/jannu-ferides.nubwebinar.com\/ca\/wp-json\/wp\/v2\/pages"}],"about":[{"href":"https:\/\/jannu-ferides.nubwebinar.com\/ca\/wp-json\/wp\/v2\/types\/page"}],"author":[{"embeddable":true,"href":"https:\/\/jannu-ferides.nubwebinar.com\/ca\/wp-json\/wp\/v2\/users\/5"}],"replies":[{"embeddable":true,"href":"https:\/\/jannu-ferides.nubwebinar.com\/ca\/wp-json\/wp\/v2\/comments?post=932"}],"version-history":[{"count":2,"href":"https:\/\/jannu-ferides.nubwebinar.com\/ca\/wp-json\/wp\/v2\/pages\/932\/revisions"}],"predecessor-version":[{"id":934,"href":"https:\/\/jannu-ferides.nubwebinar.com\/ca\/wp-json\/wp\/v2\/pages\/932\/revisions\/934"}],"wp:attachment":[{"href":"https:\/\/jannu-ferides.nubwebinar.com\/ca\/wp-json\/wp\/v2\/media?parent=932"}],"curies":[{"name":"wp","href":"https:\/\/api.w.org\/{rel}","templated":true}]}}