{"id":940,"date":"2025-10-28T15:40:49","date_gmt":"2025-10-28T14:40:49","guid":{"rendered":"https:\/\/jannu-ferides.nubwebinar.com\/quiero-colaborar-con-jannu-ferides\/"},"modified":"2026-01-22T12:04:45","modified_gmt":"2026-01-22T11:04:45","slug":"quiero-colaborar-con-jannu-ferides","status":"publish","type":"page","link":"https:\/\/jannu-ferides.nubwebinar.com\/ca\/quiero-colaborar-con-jannu-ferides\/","title":{"rendered":"Quiero colaborar con Jannu Ferides"},"content":{"rendered":"            <div class=\"nubevent-introduction-text\">\n\t\t        Desde Jannu Ferides trabajamos para que en los entornos de bajo poder econ\u00f3mico,  cualquier persona, por el mero hecho de ser persona, pueda acceder a un derecho fundamental como es el de recibir un adecuado cuidado de sus heridas. <br \/>\r\n\u00a0<br \/>\r\nTambi\u00e9n trabajamos para ayudar a la formaci\u00f3n y al desarrollo de  los profesionales y a las instituciones de salud que trabajan en estos entornos, as\u00ed como en formar estructuras estables para el cuidado interdisciplinar de las heridas, siempre intentando contribuir al desarrollo econ\u00f3mico y social local as\u00ed como al respeto y compromiso con el medio ambiente.<br \/>\r\n\u00a0<br \/>\r\nQuienes formamos parte de Jannu Ferides  ponemos mucha ilusi\u00f3n en ello, pero s\u00f3lo con ilusi\u00f3n no podemos transformar realidades, es por ello de que necesitamos de tu colaboraci\u00f3n.<br \/>\r\n\u00a0<br \/>\r\nHoy, m\u00e1s que nunca, el mundo necesita un cambio basado en el desarrollo de la atenci\u00f3n de salud, la\u00a0solidaridad y el compromiso humanitario. <br \/>\r\n\u00a0<br \/>\r\nPor ello,\u00a0tu colaboraci\u00f3n es fundamental.<br \/>\r\n\u00a0<br \/>\r\nColabora ahora con\u00a0Jannu Ferides: entre todos pondremos nuestro granito de arena para conseguir que todas las personas, sobre todo en entornos de bajo poder econ\u00f3mico, puedan disfrutar del derecho fundamental a recibir un adecuado cuidado (preventivo y curativo) de sus heridas.<br \/>\r\n\u00a0<br \/>\r\n <br \/>\r\n\u00bfNos ayudas? Colabora ahora.\u00a0Muchas gracias por tu apoyo.\t        <\/div>\n                <form method=\"post\">\n            <div class=\"row nubevent-donations-cards-row\">\n                                    <div class=\"col-lg-4 col-sm-6 mb-3 d-flex align-items-stretch\">\n                        <div class=\"card w-100\">\n                            <div class=\"card-header\">\n                                <h4 class=\"donations-type-title\">\n                                                                            <i class=\"fas fa-hand-holding-medical\"><\/i>\n                                        Donaci\u00f3 puntual                                <\/h4>\n                            <\/div>\n                            <div class=\"card-body\">\n                                <div class=\"donation-default-prices\">\n                                                                            <button type=\"submit\" class=\"btn donation-submit-button\" name=\"nubevent_action\" value=\"0-20\">20 \u20ac<\/button>\n                                                                            <button type=\"submit\" class=\"btn donation-submit-button\" name=\"nubevent_action\" value=\"0-30\">30 \u20ac<\/button>\n                                                                            <button type=\"submit\" class=\"btn donation-submit-button\" name=\"nubevent_action\" value=\"0-40\">40 \u20ac<\/button>\n                                                                            <button type=\"submit\" class=\"btn donation-submit-button\" name=\"nubevent_action\" value=\"0-50\">50 \u20ac<\/button>\n                                                                    <\/div>\n                                <div class=\"input-group donation-custom-price\">\n                                    <input type=\"number\" min=\"50\" step=\"0.01\" class=\"form-control\" placeholder=\"Altres imports\" name=\"0-custom\">\n                                    <div class=\"input-group-append\">\n                                        <button class=\"btn\" type=\"submit\" name=\"nubevent_action\" value=\"0-custom\">Donar<\/button>\n                                    <\/div>\n                                <\/div>\n                            <\/div>\n                        <\/div>\n                    <\/div>\n                                    <div class=\"col-lg-4 col-sm-6 mb-3 d-flex align-items-stretch\">\n                        <div class=\"card w-100\">\n                            <div class=\"card-header\">\n                                <h4 class=\"donations-type-title\">\n                                                                            <i class=\"fas fa-donate\"><\/i>\n                                        Donaci\u00f3 trimestral                                <\/h4>\n                            <\/div>\n                            <div class=\"card-body\">\n                                <div class=\"donation-default-prices\">\n                                                                            <button type=\"submit\" class=\"btn donation-submit-button\" name=\"nubevent_action\" value=\"1-5\">5 \u20ac<\/button>\n                                                                            <button type=\"submit\" class=\"btn donation-submit-button\" name=\"nubevent_action\" value=\"1-10\">10 \u20ac<\/button>\n                                                                            <button type=\"submit\" class=\"btn donation-submit-button\" name=\"nubevent_action\" value=\"1-15\">15 \u20ac<\/button>\n                                                                            <button type=\"submit\" class=\"btn donation-submit-button\" name=\"nubevent_action\" value=\"1-20\">20 \u20ac<\/button>\n                                                                    <\/div>\n                                <div class=\"input-group donation-custom-price\">\n                                    <input type=\"number\" min=\"20\" step=\"0.01\" class=\"form-control\" placeholder=\"Altres imports\" name=\"1-custom\">\n                                    <div class=\"input-group-append\">\n                                        <button class=\"btn\" type=\"submit\" name=\"nubevent_action\" value=\"1-custom\">Donar<\/button>\n                                    <\/div>\n                                <\/div>\n                            <\/div>\n                        <\/div>\n                    <\/div>\n                                    <div class=\"col-lg-4 col-sm-6 mb-3 d-flex align-items-stretch\">\n                        <div class=\"card w-100\">\n                            <div class=\"card-header\">\n                                <h4 class=\"donations-type-title\">\n                                                                            <i class=\"fas fa-hand-holding-usd\"><\/i>\n                                        Donaci\u00f3 anual                                <\/h4>\n                            <\/div>\n                            <div class=\"card-body\">\n                                <div class=\"donation-default-prices\">\n                                                                            <button type=\"submit\" class=\"btn donation-submit-button\" name=\"nubevent_action\" value=\"2-20\">20 \u20ac<\/button>\n                                                                            <button type=\"submit\" class=\"btn donation-submit-button\" name=\"nubevent_action\" value=\"2-30\">30 \u20ac<\/button>\n                                                                            <button type=\"submit\" class=\"btn donation-submit-button\" name=\"nubevent_action\" value=\"2-40\">40 \u20ac<\/button>\n                                                                            <button type=\"submit\" class=\"btn donation-submit-button\" name=\"nubevent_action\" value=\"2-50\">50 \u20ac<\/button>\n                                                                    <\/div>\n                                <div class=\"input-group donation-custom-price\">\n                                    <input type=\"number\" min=\"50\" step=\"0.01\" class=\"form-control\" placeholder=\"Altres imports\" name=\"2-custom\">\n                                    <div class=\"input-group-append\">\n                                        <button class=\"btn\" type=\"submit\" name=\"nubevent_action\" value=\"2-custom\">Donar<\/button>\n                                    <\/div>\n                                <\/div>\n                            <\/div>\n                        <\/div>\n                    <\/div>\n                                <div class=\"col-sm-6 mb-3 mb-lg-0 d-flex align-items-stretch\">\n                    <div class=\"card w-100\">\n                        <div class=\"card-header\">\n                            <h4 class=\"donations-type-title\">\n                                <i class=\"fas fa-user-friends\"><\/i>\n                                Vull ser membre                            <\/h4>\n                        <\/div>\n                        <div class=\"card-body align-content-center\">\n                                                            <p>Los socios\/as al corriente de pago y de acuerdo con las condiciones establecidas en los estatutos de Jannu Ferides tienen derecho a participar en la din\u00e1mica de la asociaci\u00f3n y acceder al apartado \u00e1rea de socios de nuestra web. \u00a0Para participar en actividades de voluntariado organizadas por <b>Jannu Ferides<\/b>\u00a0es imprescindible ser socia\/o.<\/p>\n                                                        <a href=\"https:\/\/jannu-ferides.nubwebinar.com\/hazte-miembro\/\" class=\"btn donation-submit-button\">\n                                60 \u20ac anuals                            <\/a>\n                        <\/div>\n                    <\/div>\n                <\/div>\n                <div class=\"col-lg-6 d-flex align-items-stretch\">\n                    <div class=\"card w-100\">\n                        <div class=\"card-header\">\n                            <h4 class=\"donations-type-title\">\n                                <i class=\"fas fa-hands-helping\"><\/i>\n                                Altres tipus de col\u00b7laboracions                            <\/h4>\n                        <\/div>\n                        <div class=\"card-body align-content-center\">\n                            <p>Escriu-nos a: <a href=\"mailto:soporte@itnube.com\">soporte@itnube.com<\/a><\/p>\n                        <\/div>\n                    <\/div>\n                <\/div>\n            <\/div>\n        <\/form>\n        \n","protected":false},"excerpt":{"rendered":"","protected":false},"author":1,"featured_media":0,"parent":0,"menu_order":0,"comment_status":"closed","ping_status":"closed","template":"","meta":{"_acf_changed":false,"_uag_custom_page_level_css":"","footnotes":""},"class_list":["post-940","page","type-page","status-publish"],"acf":[],"uagb_featured_image_src":{"full":false,"thumbnail":false,"medium":false,"medium_large":false,"large":false,"1536x1536":false,"2048x2048":false},"uagb_author_info":{"display_name":"admin-jannu","author_link":"https:\/\/jannu-ferides.nubwebinar.com\/ca\/author\/admin-jannu\/"},"uagb_comment_info":0,"uagb_excerpt":null,"_links":{"self":[{"href":"https:\/\/jannu-ferides.nubwebinar.com\/ca\/wp-json\/wp\/v2\/pages\/940","targetHints":{"allow":["GET"]}}],"collection":[{"href":"https:\/\/jannu-ferides.nubwebinar.com\/ca\/wp-json\/wp\/v2\/pages"}],"about":[{"href":"https:\/\/jannu-ferides.nubwebinar.com\/ca\/wp-json\/wp\/v2\/types\/page"}],"author":[{"embeddable":true,"href":"https:\/\/jannu-ferides.nubwebinar.com\/ca\/wp-json\/wp\/v2\/users\/1"}],"replies":[{"embeddable":true,"href":"https:\/\/jannu-ferides.nubwebinar.com\/ca\/wp-json\/wp\/v2\/comments?post=940"}],"version-history":[{"count":1,"href":"https:\/\/jannu-ferides.nubwebinar.com\/ca\/wp-json\/wp\/v2\/pages\/940\/revisions"}],"predecessor-version":[{"id":968,"href":"https:\/\/jannu-ferides.nubwebinar.com\/ca\/wp-json\/wp\/v2\/pages\/940\/revisions\/968"}],"wp:attachment":[{"href":"https:\/\/jannu-ferides.nubwebinar.com\/ca\/wp-json\/wp\/v2\/media?parent=940"}],"curies":[{"name":"wp","href":"https:\/\/api.w.org\/{rel}","templated":true}]}}