{"id":78,"date":"2025-10-28T15:47:57","date_gmt":"2025-10-28T14:47:57","guid":{"rendered":"https:\/\/jannu-ferides.nubwebinar.com\/home\/"},"modified":"2026-01-12T16:54:57","modified_gmt":"2026-01-12T15:54:57","slug":"home","status":"publish","type":"page","link":"https:\/\/jannu-ferides.nubwebinar.com\/en\/","title":{"rendered":"Home"},"content":{"rendered":"\n\n<div class=\"wp-block-uagb-container uagb-layout-flex uagb-block-5bc40c89 alignfull uagb-is-root-container\"><div class=\"uagb-container__shape uagb-container__shape-bottom uagb-container__invert\" data-negative=\"false\"><svg xmlns=\"https:\/\/www.w3.org\/2000\/svg\" viewBox=\"0 0 2600 131.1\" preserveAspectRatio=\"none\"><path class=\"uagb-container__shape-fill\" d=\"M0 0L2600 0 2600 69.1 0 0z\"><\/path><path class=\"uagb-container__shape-fill\" opacity=\"0.5\" d=\"M0 0L2600 0 2600 69.1 0 69.1z\"><\/path><path class=\"uagb-container__shape-fill\" opacity=\"0.25\" d=\"M2600 0L0 0 0 130.1 2600 69.1z\"><\/path><\/svg><\/div>\n<p class=\"px-5 mb-0 pt-5 pb-3 has-base-3-color has-text-color has-link-color wp-elements-cee5701dd64ea5f6e55c6bef69eb04e9\" style=\"font-size:16px\">Nuestra misi\u00f3n es acompa\u00f1ar a las personas con heridas, sean quienes sean, y est\u00e9n d\u00f3nde est\u00e9n, para que mantengan y recuperen su salud, autonom\u00eda y dignidad salud, autonom\u00eda y dignidad, especialmente en entornos con bajos recursos econ\u00f3micos o de sistemas de salud poco desarrollados.<\/p>\n\n\n\n<p class=\"px-5 mb-0 pb-0 has-base-3-color has-text-color has-link-color wp-elements-a995be139dbd3322bd7bab754821edca\" style=\"font-size:16px\"><strong><em>&#8220;El futuro (en el cuidado de las personas con heridas en todo el mundo) no es lo que va a pasar, sino lo que vamos a hacer (entre todos)\u00bb<\/em><\/strong><\/p>\n\n\n\n<p class=\"px-5 pt-0 pb-5 has-base-3-color has-text-color has-link-color has-small-font-size wp-elements-df83883a4b1ae16b950d7d4db9225f4c\">adaptado de: <strong>Jorge Luis Borges<\/strong><\/p>\n<\/div>\n\n<div data-aos= \"fade\" data-aos-duration=\"400\" data-aos-delay=\"0\" data-aos-easing=\"ease\" data-aos-once=\"true\" class=\"wp-block-uagb-container uagb-block-178cf4f6 alignfull uagb-is-root-container\"><div class=\"uagb-container-inner-blocks-wrap\">\n<div class=\"wp-block-columns my-3 is-layout-flex wp-container-core-columns-is-layout-9d6595d7 wp-block-columns-is-layout-flex\">\n<div class=\"wp-block-column is-vertically-aligned-center is-layout-flow wp-block-column-is-layout-flow\"><div class=\"wp-block-image\">\n<figure class=\"aligncenter size-medium\"><img loading=\"lazy\" decoding=\"async\" width=\"300\" height=\"300\" src=\"https:\/\/jannu-ferides.nubwebinar.com\/wp-content\/uploads\/2025\/10\/cropped-logo_jannu-300x300.png\" alt=\"\" class=\"wp-image-40\" srcset=\"https:\/\/jannu-ferides.nubwebinar.com\/wp-content\/uploads\/2025\/10\/cropped-logo_jannu-300x300.png 300w, https:\/\/jannu-ferides.nubwebinar.com\/wp-content\/uploads\/2025\/10\/cropped-logo_jannu-150x150.png 150w, https:\/\/jannu-ferides.nubwebinar.com\/wp-content\/uploads\/2025\/10\/cropped-logo_jannu-270x270.png 270w, https:\/\/jannu-ferides.nubwebinar.com\/wp-content\/uploads\/2025\/10\/cropped-logo_jannu-192x192.png 192w, https:\/\/jannu-ferides.nubwebinar.com\/wp-content\/uploads\/2025\/10\/cropped-logo_jannu-180x180.png 180w, https:\/\/jannu-ferides.nubwebinar.com\/wp-content\/uploads\/2025\/10\/cropped-logo_jannu-32x32.png 32w, https:\/\/jannu-ferides.nubwebinar.com\/wp-content\/uploads\/2025\/10\/cropped-logo_jannu.png 512w\" sizes=\"auto, (max-width: 300px) 100vw, 300px\" \/><\/figure>\n<\/div><\/div>\n\n\n\n<div class=\"wp-block-column is-vertically-aligned-center is-layout-flow wp-block-column-is-layout-flow\">\n<p class=\"has-text-align-center mb-2 mx-5 mx-md-0 has-accent-color has-text-color has-link-color has-large-font-size wp-elements-563abe4c723f41a15bfecc17036e970a\">Qui\u00e9nes somos<\/p>\n\n\n\n<p class=\"has-text-align-center mx-5 mx-md-0\" style=\"font-size:16px\"><strong>Jannu Ferides<\/strong> es una asociaci\u00f3n interdisciplinar, independiente, sin \u00e1nimo de lucro, <br\/>fundada por un grupo de enfermeras de diferentes pa\u00edses, que tiene por objetivo fundacional y en sinton\u00eda con la <a href=\"https:\/\/ewma.org\/2025conference\/barcelona-declaration\/\" target=\"_blank\" rel=\"noreferrer noopener\">Declaraci\u00f3n de Barcelona sobre el cuidado de las heridas firmada por la European Wound Management Association (EWMA), el grupo Nacional para el asesoramiento en \u00dalceras por Presi\u00f3n y Heridas cr\u00f3nicas (GNEAUPP) y la Sociedad espa\u00f1ola de heridas (SEHER) en marzo de 2025<\/a>, que define como un <strong>derecho fundamental el acceso al cuidado de heridas<\/strong>,\u00a0ayudar a que cualquier persona en todo el mundo, sobre todo en entornos de bajo poder econ\u00f3mico o desarrollo de la atenci\u00f3n de salud, pueda tener acceso a un cuidado de sus heridas y de su integridad cut\u00e1nea seguro, eficaz y equitativo, basado en la mejor evidencia cient\u00edfica y tecnol\u00f3gica disponible.<\/p>\n\n\n\n<div class=\"wp-block-buttons mx-5 mx-md-0 is-content-justification-center is-layout-flex wp-container-core-buttons-is-layout-16018d1d wp-block-buttons-is-layout-flex\">\n<div class=\"wp-block-button is-style-fill\"><a class=\"wp-block-button__link has-text-align-center wp-element-button\" href=\"https:\/\/jannu-ferides.nubwebinar.com\/quienes-somos\/\" style=\"border-radius:5px\">M\u00e1s informaci\u00f3n<\/a><\/div>\n<\/div>\n<\/div>\n\n\n\n<div class=\"wp-block-column is-vertically-aligned-center is-layout-flow wp-block-column-is-layout-flow\">\n<figure class=\"wp-block-image size-full pr-5 pl-5 pl-md-0\"><img loading=\"lazy\" decoding=\"async\" width=\"2560\" height=\"1920\" src=\"https:\/\/jannu-ferides.nubwebinar.com\/wp-content\/uploads\/2025\/11\/IMG_7022-scaled.jpeg\" alt=\"\" class=\"wp-image-326\" srcset=\"https:\/\/jannu-ferides.nubwebinar.com\/wp-content\/uploads\/2025\/11\/IMG_7022-scaled.jpeg 2560w, https:\/\/jannu-ferides.nubwebinar.com\/wp-content\/uploads\/2025\/11\/IMG_7022-300x225.jpeg 300w, https:\/\/jannu-ferides.nubwebinar.com\/wp-content\/uploads\/2025\/11\/IMG_7022-1024x768.jpeg 1024w, https:\/\/jannu-ferides.nubwebinar.com\/wp-content\/uploads\/2025\/11\/IMG_7022-768x576.jpeg 768w, https:\/\/jannu-ferides.nubwebinar.com\/wp-content\/uploads\/2025\/11\/IMG_7022-1536x1152.jpeg 1536w, https:\/\/jannu-ferides.nubwebinar.com\/wp-content\/uploads\/2025\/11\/IMG_7022-2048x1536.jpeg 2048w\" sizes=\"auto, (max-width: 2560px) 100vw, 2560px\" \/><\/figure>\n<\/div>\n<\/div>\n<\/div><\/div>\n\n<div class=\"wp-block-uagb-container uagb-block-3a5d8615 alignfull uagb-is-root-container\">\n<div class=\"wp-block-uagb-container uagb-block-83889eeb\">\n<p class=\"has-text-align-left pl-5 mb-0 has-base-3-color has-text-color has-link-color wp-elements-1da4906729fc4a1e25667223144d806c\" style=\"font-size:36px\">Quiero colaborar con Jannu Ferides<\/p>\n\n\n\n<p class=\"has-text-align-left pl-5 mb-0 has-base-3-color has-text-color has-link-color wp-elements-514fb9d43b77791c9d780d83f34d670b\" style=\"font-size:16px\">Necesitamos tu colaboraci\u00f3n para poder hacer realidad nuestros proyectos. Muchas gotitas de agua ayudan a conformar un riachuelo, y esperemos que muy pronto un rio que ayude a extender el compromiso y la solidaridad con quienes menos tienen.<\/p>\n<\/div>\n\n\n\n<div class=\"wp-block-uagb-container uagb-block-d434311e\">\n<div class=\"wp-block-buttons is-content-justification-center is-layout-flex wp-container-core-buttons-is-layout-16018d1d wp-block-buttons-is-layout-flex\">\n<div class=\"wp-block-button\"><a class=\"wp-block-button__link has-accent-color has-base-3-background-color has-text-color has-background has-link-color has-text-align-center wp-element-button\" href=\"https:\/\/jannu-ferides.nubwebinar.com\/en\/quiero-colaborar-con-jannu-ferides\/\" style=\"border-radius:10px\">ACCEDER<\/a><\/div>\n<\/div>\n<\/div>\n<\/div>\n","protected":false},"excerpt":{"rendered":"<p>Nuestra misi\u00f3n es acompa\u00f1ar a las personas con heridas, sean quienes sean, y est\u00e9n d\u00f3nde est\u00e9n, para que mantengan y recuperen su salud, autonom\u00eda y dignidad salud, autonom\u00eda y dignidad, especialmente en entornos con bajos recursos econ\u00f3micos o de sistemas de salud poco desarrollados. &#8220;El futuro (en el cuidado de las personas con heridas en todo el mundo) no es&#8230;<\/p>\n","protected":false},"author":1,"featured_media":0,"parent":0,"menu_order":0,"comment_status":"closed","ping_status":"closed","template":"","meta":{"_acf_changed":false,"_uag_custom_page_level_css":"","footnotes":""},"class_list":["post-78","page","type-page","status-publish"],"acf":[],"uagb_featured_image_src":{"full":false,"thumbnail":false,"medium":false,"medium_large":false,"large":false,"1536x1536":false,"2048x2048":false},"uagb_author_info":{"display_name":"admin-jannu","author_link":"https:\/\/jannu-ferides.nubwebinar.com\/en\/author\/admin-jannu\/"},"uagb_comment_info":0,"uagb_excerpt":"Nuestra misi\u00f3n es acompa\u00f1ar a las personas con heridas, sean quienes sean, y est\u00e9n d\u00f3nde est\u00e9n, para que mantengan y recuperen su salud, autonom\u00eda y dignidad salud, autonom\u00eda y dignidad, especialmente en entornos con bajos recursos econ\u00f3micos o de sistemas de salud poco desarrollados. &#8220;El futuro (en el cuidado de las personas con heridas en&hellip;","_links":{"self":[{"href":"https:\/\/jannu-ferides.nubwebinar.com\/en\/wp-json\/wp\/v2\/pages\/78","targetHints":{"allow":["GET"]}}],"collection":[{"href":"https:\/\/jannu-ferides.nubwebinar.com\/en\/wp-json\/wp\/v2\/pages"}],"about":[{"href":"https:\/\/jannu-ferides.nubwebinar.com\/en\/wp-json\/wp\/v2\/types\/page"}],"author":[{"embeddable":true,"href":"https:\/\/jannu-ferides.nubwebinar.com\/en\/wp-json\/wp\/v2\/users\/1"}],"replies":[{"embeddable":true,"href":"https:\/\/jannu-ferides.nubwebinar.com\/en\/wp-json\/wp\/v2\/comments?post=78"}],"version-history":[{"count":3,"href":"https:\/\/jannu-ferides.nubwebinar.com\/en\/wp-json\/wp\/v2\/pages\/78\/revisions"}],"predecessor-version":[{"id":949,"href":"https:\/\/jannu-ferides.nubwebinar.com\/en\/wp-json\/wp\/v2\/pages\/78\/revisions\/949"}],"wp:attachment":[{"href":"https:\/\/jannu-ferides.nubwebinar.com\/en\/wp-json\/wp\/v2\/media?parent=78"}],"curies":[{"name":"wp","href":"https:\/\/api.w.org\/{rel}","templated":true}]}}